{"id":890,"date":"2024-09-23T18:49:36","date_gmt":"2024-09-23T18:49:36","guid":{"rendered":"https:\/\/centreroyhart.org\/?page_id=890"},"modified":"2025-06-09T17:22:41","modified_gmt":"2025-06-09T17:22:41","slug":"erasmus","status":"publish","type":"page","link":"https:\/\/centreroyhart.org\/fr\/erasmus\/","title":{"rendered":"Erasmus+"},"content":{"rendered":"\t\t<div data-elementor-type=\"wp-page\" data-elementor-id=\"890\" class=\"elementor elementor-890 elementor-561\" data-elementor-post-type=\"page\">\n\t\t\t\t<div class=\"elementor-element elementor-element-9b33f73 e-flex e-con-boxed e-con e-parent\" data-id=\"9b33f73\" data-element_type=\"container\" data-e-type=\"container\" data-settings=\"{&quot;background_background&quot;:&quot;classic&quot;,&quot;jet_parallax_layout_list&quot;:[]}\">\n\t\t\t\t\t<div class=\"e-con-inner\">\n\t\t\t\t<div class=\"elementor-element elementor-element-a9752e2 elementor-widget elementor-widget-heading\" data-id=\"a9752e2\" data-element_type=\"widget\" data-e-type=\"widget\" data-widget_type=\"heading.default\">\n\t\t\t\t\t<h1 class=\"elementor-heading-title elementor-size-default\">Erasmus +<\/h1>\t\t\t\t<\/div>\n\t\t\t\t\t<\/div>\n\t\t\t\t<\/div>\n\t\t<div class=\"elementor-element elementor-element-e6ae48e e-flex e-con-boxed e-con e-parent\" data-id=\"e6ae48e\" data-element_type=\"container\" data-e-type=\"container\" data-settings=\"{&quot;jet_parallax_layout_list&quot;:[]}\">\n\t\t\t\t\t<div class=\"e-con-inner\">\n\t\t<div class=\"elementor-element elementor-element-e490f96 e-con-full e-flex e-con e-child\" data-id=\"e490f96\" data-element_type=\"container\" data-e-type=\"container\" data-settings=\"{&quot;background_background&quot;:&quot;classic&quot;,&quot;jet_parallax_layout_list&quot;:[]}\">\n\t\t<div class=\"elementor-element elementor-element-828a150 e-con-full e-flex e-con e-child\" data-id=\"828a150\" data-element_type=\"container\" data-e-type=\"container\" data-settings=\"{&quot;jet_parallax_layout_list&quot;:[]}\">\n\t\t\t\t<div class=\"elementor-element elementor-element-997ba28 elementor-widget elementor-widget-heading\" data-id=\"997ba28\" data-element_type=\"widget\" data-e-type=\"widget\" data-widget_type=\"heading.default\">\n\t\t\t\t\t<h2 class=\"elementor-heading-title elementor-size-default\">Weaving Voices as threads of community<\/h2>\t\t\t\t<\/div>\n\t\t\t\t<div class=\"elementor-element elementor-element-082da59 elementor-widget elementor-widget-heading\" data-id=\"082da59\" data-element_type=\"widget\" data-e-type=\"widget\" data-widget_type=\"heading.default\">\n\t\t\t\t\t<h2 class=\"elementor-heading-title elementor-size-default\">(\u00ab Tisser des voix comme des fils de communaut\u00e9s \u00bb)<\/h2>\t\t\t\t<\/div>\n\t\t\t\t<div class=\"elementor-element elementor-element-d041973 elementor-widget elementor-widget-heading\" data-id=\"d041973\" data-element_type=\"widget\" data-e-type=\"widget\" data-widget_type=\"heading.default\">\n\t\t\t\t\t<h2 class=\"elementor-heading-title elementor-size-default\">2022 - 2024<\/h2>\t\t\t\t<\/div>\n\t\t\t\t<div class=\"elementor-element elementor-element-3786a94 elementor-widget-divider--view-line elementor-widget elementor-widget-divider\" data-id=\"3786a94\" data-element_type=\"widget\" data-e-type=\"widget\" data-widget_type=\"divider.default\">\n\t\t\t\t\t\t\t<div class=\"elementor-divider\">\n\t\t\t<span class=\"elementor-divider-separator\">\n\t\t\t\t\t\t<\/span>\n\t\t<\/div>\n\t\t\t\t\t\t<\/div>\n\t\t<div class=\"elementor-element elementor-element-45e54af e-con-full e-flex e-con e-child\" data-id=\"45e54af\" data-element_type=\"container\" data-e-type=\"container\" data-settings=\"{&quot;jet_parallax_layout_list&quot;:[]}\">\n\t\t\t\t<div class=\"elementor-element elementor-element-25de2aa elementor-widget elementor-widget-text-editor\" data-id=\"25de2aa\" data-element_type=\"widget\" data-e-type=\"widget\" data-widget_type=\"text-editor.default\">\n\t\t\t\t\t\t\t\t\t<p>Financ\u00e9 par l\u2019Union Europ\u00e9enne \u00e0 travers le programme ERASMUS +, ce projet se d\u00e9roule sur une dur\u00e9e de deux ans. La toute premi\u00e8re session de travail ayant eu lieu \u00e0 Mal\u00e9rargues, l\u2019\u00e9quipe enseignante repr\u00e9sentant le CAIRH (<a href=\"https:\/\/centreroyhart.org\/fr\/professeurs\/carol-mendelsohn\/\" target=\"_blank\" rel=\"noopener\">Carol Mendelsohn<\/a>,\u00a0<a href=\"https:\/\/centreroyhart.org\/fr\/professeurs\/saule-ryan\/\" target=\"_blank\" rel=\"noopener\">Saule Ryan<\/a>\u00a0et\u00a0<a href=\"https:\/\/centreroyhart.org\/fr\/professeurs\/laurent-stephan\/\" target=\"_blank\" rel=\"noopener\">Laurent St\u00e9phan<\/a>) avaient pour responsabilit\u00e9 de lancer la dynamique en cr\u00e9ant une bonne ambiance de travail propice \u00e0 ce que chacun s\u2019investisse et donne le meilleur de lui-m\u00eame. Ces 7 jours de travail ont \u00e9t\u00e9 une r\u00e9ussite du point de vue de tous les participants qui sont repartis enrichis par cette exp\u00e9rience humaine, corporelle et vocale avec un fort d\u00e9sir de se revoir et de collaborer.<\/p>\t\t\t\t\t\t\t\t<\/div>\n\t\t\t\t<div class=\"elementor-element elementor-element-e8cbaf1 elementor-widget elementor-widget-image\" data-id=\"e8cbaf1\" data-element_type=\"widget\" data-e-type=\"widget\" data-widget_type=\"image.default\">\n\t\t\t\t\t\t\t\t\t\t\t\t\t\t\t<img fetchpriority=\"high\" decoding=\"async\" width=\"1024\" height=\"666\" src=\"https:\/\/centreroyhart.org\/wp-content\/uploads\/2025\/05\/erasmus-centre-roy-hart-1-1024x666.webp\" class=\"attachment-large size-large wp-image-25397\" alt=\"\" srcset=\"https:\/\/centreroyhart.org\/wp-content\/uploads\/2025\/05\/erasmus-centre-roy-hart-1-1024x666.webp 1024w, https:\/\/centreroyhart.org\/wp-content\/uploads\/2025\/05\/erasmus-centre-roy-hart-1-300x195.webp 300w, https:\/\/centreroyhart.org\/wp-content\/uploads\/2025\/05\/erasmus-centre-roy-hart-1-768x499.webp 768w, https:\/\/centreroyhart.org\/wp-content\/uploads\/2025\/05\/erasmus-centre-roy-hart-1.webp 1200w\" sizes=\"(max-width: 1024px) 100vw, 1024px\" \/>\t\t\t\t\t\t\t\t\t\t\t\t\t\t\t<\/div>\n\t\t\t\t<div class=\"elementor-element elementor-element-c40cda1 elementor-widget elementor-widget-text-editor\" data-id=\"c40cda1\" data-element_type=\"widget\" data-e-type=\"widget\" data-widget_type=\"text-editor.default\">\n\t\t\t\t\t\t\t\t\t<p>\u00ab Weaving Voices \u00bb \u00bb est un projet Erasmus+ financ\u00e9 par l\u2019Union Europ\u00e9enne. Ce projet international r\u00e9unit 7 partenaires :<\/p><p>&#8211; <a href=\"https:\/\/centreroyhart.org\/fr\/\" target=\"_blank\" rel=\"noopener\">Centre de Voix Roy Hart<\/a>, France<br \/>&#8211; <a href=\"https:\/\/www.gutreichenow.de\/\" target=\"_blank\" rel=\"noopener\">Colaborative Reichenow e.V.<\/a>, Germany<br \/>&#8211; <a href=\"https:\/\/www.leedsbeckett.ac.uk\/subjects\/performing-arts\/\" target=\"_blank\" rel=\"noopener\">Leeds Beckett University \u2013 Performing Arts<\/a>, UK<br \/>&#8211; <a href=\"https:\/\/www.sinumtheatre.eu\/weaving-voices\/\" target=\"_blank\" rel=\"noopener\">Sinum Theatre Laboratory Association<\/a>, Hungary<br \/>&#8211; <a href=\"https:\/\/soharoza.hu\/en\/home\/\" target=\"_blank\" rel=\"noopener\">Sohar\u00f3za Nonprofit Association<\/a>,Hungary<br \/>&#8211; <a href=\"https:\/\/www.studiofolkhemmet.com\/solsidans-kulturf%C3%B6rening\" target=\"_blank\" rel=\"noopener\">Solsidans Kulturf\u00f6rening \u2013 Studio Folkhemmet I Unnaryd<\/a>, Sweden<br \/>&#8211; <a href=\"https:\/\/tuyofoundation.com\/\" target=\"_blank\" rel=\"noopener\">TuYo Foundation<\/a>, Netherlands<\/p><p>Notre objectif, dans le cadre de l\u2019\u00e9ducation informelle des adultes, est d\u2019introduire des ateliers pratiques dans une s\u00e9rie de pratiques ou de canaux cr\u00e9atifs diff\u00e9rents. Nous pensons que lorsque les gens se connectent \u00e0 travers ces diff\u00e9rentes pratiques \u2013 voix, tissage, mouvement, \u00e9criture et travail environnemental \u2013 les gens peuvent se rencontrer, se voir et s\u2019entendre d\u2019une mani\u00e8re nouvelle et extraordinaire. Lorsque des espaces plus s\u00fbrs sont cr\u00e9\u00e9s, la confiance peut s\u2019\u00e9tablir au-del\u00e0 des langues.<\/p><p><em><strong>\u00ab Carol, Laurent et Saule ont cr\u00e9\u00e9 un espace rassurant dans lequel on pouvait explorer ; ils semblent adapter leurs enseignements aux besoins de l&#8217;individu et du groupe dans l&#8217;instant pr\u00e9sent. J&#8217;ai vraiment \u00e9t\u00e9 inspir\u00e9e !<\/strong><\/em><\/p><p>Au cours de la premi\u00e8re \u00e9tape du projet, les partenaires internationaux sont invit\u00e9s \u00e0 partager leurs pratiques, m\u00e9thodologies et approches sp\u00e9cialis\u00e9es et \u00e0 rechercher des liens entre les domaines de recherche, qui sont souvent exp\u00e9rimentaux et \u00e9mergents par nature.<\/p><p><em><strong>\u00ab J&#8217;ai \u00e9t\u00e9 fascin\u00e9e par la fa\u00e7on dont les professeurs ont g\u00e9r\u00e9 les diff\u00e9rentes personnalit\u00e9s du groupe et ont trouv\u00e9 des moyens d&#8217;exploiter leurs besoins, d\u00e9sirs, souhaits et limites. \u00bb<\/strong><\/em><\/p><p>Les pratiques et les lign\u00e9es explor\u00e9es dans le cadre de ce projet comprennent : <a href=\"https:\/\/centreroyhart.org\/fr\/histoire\/\" target=\"_blank\" rel=\"noopener\">l&#8217;h\u00e9ritage vocal du Roy Hart Theatre<\/a>, le tissage, les traditions de l&#8217;appel du troupeau su\u00e9dois (kulning), <a href=\"https:\/\/centreroyhart.org\/fr\/professeurs\/laurent-stephan\/\" target=\"_blank\" rel=\"noopener\">le chant polyphonique g\u00e9orgien<\/a>, la sensibilisation Feldenkrais par le mouvement, l&#8217;\u00e9criture cr\u00e9ative, Vision Quest et la pratique perceptive.<\/p><p><em><strong>\u00ab Je vais certainement utiliser certains des jeux et des exercices que j&#8217;ai appris lors de ce stage et je suis tr\u00e8s heureuse qu&#8217;une autre partie du monde se soit r\u00e9v\u00e9l\u00e9e \u00e0 moi. \u00bb<\/strong><\/em><\/p><p>Ces activit\u00e9s et la recherche collaborative sont ensuite ouvertes aux interactions et \u00e0 l&#8217;\u00e9change de connaissances avec des communaut\u00e9s locales g\u00e9ographiquement marginalis\u00e9es dans le cadre d&#8217;ateliers, de promenades et d&#8217;expositions, dans la deuxi\u00e8me phase du projet. Vous pouvez nous trouver dans les petits villages du comt\u00e9 de Baranya (Hongrie), dans les for\u00eats pr\u00e8s d&#8217;Unnaryd (Su\u00e8de), dans les banlieues de Leeds (Royaume-Uni) et dans les communaut\u00e9s locales d&#8217;Amsterdam (Pays-Bas).<\/p><p><em><strong>\u00ab Des pairs vraiment int\u00e9ressants et j&#8217;ai ador\u00e9 l&#8217;enthousiasme de chacun : tr\u00e8s contagieux ! \u00bb<\/strong><\/em><\/p><p>Suivez les activit\u00e9s \u00e0 venir et les r\u00e9sultats du projet Weaving Voices sur nos pages dans les m\u00e9dias sociaux : <a href=\"https:\/\/www.facebook.com\/WeavingVoicesCommunity\" target=\"_blank\" rel=\"noopener\">Facebook<\/a> et <a href=\"https:\/\/www.instagram.com\/weavingvoices\/\" target=\"_blank\" rel=\"noopener\">Instagram<\/a> et sur les pages des sites web de nos partenaires.<\/p>\t\t\t\t\t\t\t\t<\/div>\n\t\t\t\t<div class=\"elementor-element elementor-element-282faa0 elementor-arrows-position-inside elementor-pagination-position-outside elementor-widget elementor-widget-image-carousel\" data-id=\"282faa0\" data-element_type=\"widget\" data-e-type=\"widget\" data-settings=\"{&quot;slides_to_show&quot;:&quot;2&quot;,&quot;slides_to_scroll&quot;:&quot;1&quot;,&quot;navigation&quot;:&quot;both&quot;,&quot;autoplay&quot;:&quot;yes&quot;,&quot;pause_on_hover&quot;:&quot;yes&quot;,&quot;pause_on_interaction&quot;:&quot;yes&quot;,&quot;autoplay_speed&quot;:5000,&quot;infinite&quot;:&quot;yes&quot;,&quot;speed&quot;:500,&quot;image_spacing_custom&quot;:{&quot;unit&quot;:&quot;px&quot;,&quot;size&quot;:20,&quot;sizes&quot;:[]},&quot;image_spacing_custom_tablet_extra&quot;:{&quot;unit&quot;:&quot;px&quot;,&quot;size&quot;:&quot;&quot;,&quot;sizes&quot;:[]},&quot;image_spacing_custom_tablet&quot;:{&quot;unit&quot;:&quot;px&quot;,&quot;size&quot;:&quot;&quot;,&quot;sizes&quot;:[]},&quot;image_spacing_custom_mobile_extra&quot;:{&quot;unit&quot;:&quot;px&quot;,&quot;size&quot;:&quot;&quot;,&quot;sizes&quot;:[]},&quot;image_spacing_custom_mobile&quot;:{&quot;unit&quot;:&quot;px&quot;,&quot;size&quot;:&quot;&quot;,&quot;sizes&quot;:[]}}\" data-widget_type=\"image-carousel.default\">\n\t\t\t\t\t\t\t<div class=\"elementor-image-carousel-wrapper swiper\" role=\"region\" aria-roledescription=\"carousel\" aria-label=\"Carrousel d\u2019images\" dir=\"ltr\">\n\t\t\t<div class=\"elementor-image-carousel swiper-wrapper\" aria-live=\"off\">\n\t\t\t\t\t\t\t\t<div class=\"swiper-slide\" role=\"group\" aria-roledescription=\"slide\" aria-label=\"1 sur 7\"><figure class=\"swiper-slide-inner\"><img decoding=\"async\" class=\"swiper-slide-image\" src=\"https:\/\/centreroyhart.org\/wp-content\/uploads\/2025\/05\/ERASMUS-Centre-Roy-Hart-Laurent-Stephan-2-1.webp\" alt=\"ERASMUS-Centre-Roy-Hart-Laurent-Stephan-2.webp\" \/><\/figure><\/div><div class=\"swiper-slide\" role=\"group\" aria-roledescription=\"slide\" aria-label=\"2 sur 7\"><figure class=\"swiper-slide-inner\"><img decoding=\"async\" class=\"swiper-slide-image\" src=\"https:\/\/centreroyhart.org\/wp-content\/uploads\/2025\/05\/ERASMUS-Centre-Roy-Hart-Laurent-Stephan-7.webp\" alt=\"ERASMUS-Centre-Roy-Hart-Laurent-Stephan.webp\" \/><\/figure><\/div><div class=\"swiper-slide\" role=\"group\" aria-roledescription=\"slide\" aria-label=\"3 sur 7\"><figure class=\"swiper-slide-inner\"><img decoding=\"async\" class=\"swiper-slide-image\" src=\"https:\/\/centreroyhart.org\/wp-content\/uploads\/2025\/05\/ERASMUS-Centre-Roy-Hart-Laurent-Stephan-5-1.webp\" alt=\"ERASMUS-Centre-Roy-Hart-Laurent-Stephan-5.webp\" \/><\/figure><\/div><div class=\"swiper-slide\" role=\"group\" aria-roledescription=\"slide\" aria-label=\"4 sur 7\"><figure class=\"swiper-slide-inner\"><img decoding=\"async\" class=\"swiper-slide-image\" src=\"https:\/\/centreroyhart.org\/wp-content\/uploads\/2025\/05\/ERASMUS-Centre-Roy-Hart-Laurent-Stephan-3-1.webp\" alt=\"ERASMUS-Centre-Roy-Hart-Laurent-Stephan-3.webp\" \/><\/figure><\/div><div class=\"swiper-slide\" role=\"group\" aria-roledescription=\"slide\" aria-label=\"5 sur 7\"><figure class=\"swiper-slide-inner\"><img decoding=\"async\" class=\"swiper-slide-image\" src=\"https:\/\/centreroyhart.org\/wp-content\/uploads\/2025\/05\/ERASMUS-Centre-Roy-Hart-Laurent-Stephan-4-1.webp\" alt=\"ERASMUS-Centre-Roy-Hart-Laurent-Stephan-4.webp\" \/><\/figure><\/div><div class=\"swiper-slide\" role=\"group\" aria-roledescription=\"slide\" aria-label=\"6 sur 7\"><figure class=\"swiper-slide-inner\"><img decoding=\"async\" class=\"swiper-slide-image\" src=\"https:\/\/centreroyhart.org\/wp-content\/uploads\/2025\/05\/ERASMUS-Centre-Roy-Hart-Laurent-Stephan-6-1.webp\" alt=\"ERASMUS-Centre-Roy-Hart-Laurent-Stephan-6.webp\" \/><\/figure><\/div><div class=\"swiper-slide\" role=\"group\" aria-roledescription=\"slide\" aria-label=\"7 sur 7\"><figure class=\"swiper-slide-inner\"><img decoding=\"async\" class=\"swiper-slide-image\" src=\"https:\/\/centreroyhart.org\/wp-content\/uploads\/2025\/05\/ERASMUS-Centre-Roy-Hart-Laurent-Stephan-1-1.webp\" alt=\"ERASMUS-Centre-Roy-Hart-Laurent-Stephan-1.webp\" \/><\/figure><\/div>\t\t\t<\/div>\n\t\t\t\t\t\t\t\t\t\t\t\t<div class=\"elementor-swiper-button elementor-swiper-button-prev\" role=\"button\" tabindex=\"0\">\n\t\t\t\t\t\t<svg aria-hidden=\"true\" class=\"e-font-icon-svg e-eicon-chevron-left\" viewBox=\"0 0 1000 1000\" xmlns=\"http:\/\/www.w3.org\/2000\/svg\"><path d=\"M646 125C629 125 613 133 604 142L308 442C296 454 292 471 292 487 292 504 296 521 308 533L604 854C617 867 629 875 646 875 663 875 679 871 692 858 704 846 713 829 713 812 713 796 708 779 692 767L438 487 692 225C700 217 708 204 708 187 708 171 704 154 692 142 675 129 663 125 646 125Z\"><\/path><\/svg>\t\t\t\t\t<\/div>\n\t\t\t\t\t<div class=\"elementor-swiper-button elementor-swiper-button-next\" role=\"button\" tabindex=\"0\">\n\t\t\t\t\t\t<svg aria-hidden=\"true\" class=\"e-font-icon-svg e-eicon-chevron-right\" viewBox=\"0 0 1000 1000\" xmlns=\"http:\/\/www.w3.org\/2000\/svg\"><path d=\"M696 533C708 521 713 504 713 487 713 471 708 454 696 446L400 146C388 133 375 125 354 125 338 125 325 129 313 142 300 154 292 171 292 187 292 204 296 221 308 233L563 492 304 771C292 783 288 800 288 817 288 833 296 850 308 863 321 871 338 875 354 875 371 875 388 867 400 854L696 533Z\"><\/path><\/svg>\t\t\t\t\t<\/div>\n\t\t\t\t\n\t\t\t\t\t\t\t\t\t<div class=\"swiper-pagination\"><\/div>\n\t\t\t\t\t\t\t\t\t<\/div>\n\t\t\t\t\t\t<\/div>\n\t\t\t\t<\/div>\n\t\t\t\t<\/div>\n\t\t\t\t<\/div>\n\t\t\t\t\t<\/div>\n\t\t\t\t<\/div>\n\t\t<div class=\"elementor-element elementor-element-734c567 e-flex e-con-boxed e-con e-parent\" data-id=\"734c567\" data-element_type=\"container\" data-e-type=\"container\" data-settings=\"{&quot;background_background&quot;:&quot;classic&quot;,&quot;jet_parallax_layout_list&quot;:[]}\">\n\t\t\t\t\t<div class=\"e-con-inner\">\n\t\t<div class=\"elementor-element elementor-element-d9c78d9 e-con-full e-flex e-con e-child\" data-id=\"d9c78d9\" data-element_type=\"container\" data-e-type=\"container\" data-settings=\"{&quot;background_background&quot;:&quot;classic&quot;,&quot;jet_parallax_layout_list&quot;:[]}\">\n\t\t\t\t<div class=\"elementor-element elementor-element-2047911 elementor-widget elementor-widget-image\" data-id=\"2047911\" data-element_type=\"widget\" data-e-type=\"widget\" data-widget_type=\"image.default\">\n\t\t\t\t\t\t\t\t\t\t\t\t\t\t\t<img decoding=\"async\" src=\"https:\/\/centreroyhart.org\/wp-content\/uploads\/2025\/05\/erasmus-project-1.jpg\" title=\"\" alt=\"\" loading=\"lazy\" \/>\t\t\t\t\t\t\t\t\t\t\t\t\t\t\t<\/div>\n\t\t\t\t<\/div>\n\t\t<div class=\"elementor-element elementor-element-bb0fce8 e-con-full e-flex e-con e-child\" data-id=\"bb0fce8\" data-element_type=\"container\" data-e-type=\"container\" data-settings=\"{&quot;background_background&quot;:&quot;classic&quot;,&quot;jet_parallax_layout_list&quot;:[]}\">\n\t\t\t\t<div class=\"elementor-element elementor-element-902c5c1 elementor-widget elementor-widget-text-editor\" data-id=\"902c5c1\" data-element_type=\"widget\" data-e-type=\"widget\" data-widget_type=\"text-editor.default\">\n\t\t\t\t\t\t\t\t\t<p>Funded by the European Union. Views and opinions expressed are however those of the author(s) only and do not necessarily reflect those of the European Union or the European Education and Culture Executive Agency (EACEA). Neither the European Union nor EACEA can be held responsible for them.<\/p>\t\t\t\t\t\t\t\t<\/div>\n\t\t\t\t<\/div>\n\t\t\t\t\t<\/div>\n\t\t\t\t<\/div>\n\t\t\t\t<\/div>\n\t\t","protected":false},"excerpt":{"rendered":"<p>Erasmus + Weaving Voices as threads of community (\u00ab Tisser des voix comme des fils de communaut\u00e9s \u00bb) 2022 &#8211; [&hellip;]<\/p>\n","protected":false},"author":4,"featured_media":0,"parent":0,"menu_order":47,"comment_status":"closed","ping_status":"closed","template":"","meta":{"site-sidebar-layout":"no-sidebar","site-content-layout":"","ast-site-content-layout":"full-width-container","site-content-style":"default","site-sidebar-style":"default","ast-global-header-display":"","ast-banner-title-visibility":"","ast-main-header-display":"","ast-hfb-above-header-display":"","ast-hfb-below-header-display":"","ast-hfb-mobile-header-display":"","site-post-title":"disabled","ast-breadcrumbs-content":"","ast-featured-img":"disabled","footer-sml-layout":"","ast-disable-related-posts":"","theme-transparent-header-meta":"","adv-header-id-meta":"","stick-header-meta":"","header-above-stick-meta":"","header-main-stick-meta":"","header-below-stick-meta":"","astra-migrate-meta-layouts":"default","ast-page-background-enabled":"default","ast-page-background-meta":{"desktop":{"background-color":"var(--ast-global-color-4)","background-image":"","background-repeat":"repeat","background-position":"center center","background-size":"auto","background-attachment":"scroll","background-type":"","background-media":"","overlay-type":"","overlay-color":"","overlay-opacity":"","overlay-gradient":""},"tablet":{"background-color":"","background-image":"","background-repeat":"repeat","background-position":"center center","background-size":"auto","background-attachment":"scroll","background-type":"","background-media":"","overlay-type":"","overlay-color":"","overlay-opacity":"","overlay-gradient":""},"mobile":{"background-color":"","background-image":"","background-repeat":"repeat","background-position":"center center","background-size":"auto","background-attachment":"scroll","background-type":"","background-media":"","overlay-type":"","overlay-color":"","overlay-opacity":"","overlay-gradient":""}},"ast-content-background-meta":{"desktop":{"background-color":"var(--ast-global-color-5)","background-image":"","background-repeat":"repeat","background-position":"center center","background-size":"auto","background-attachment":"scroll","background-type":"","background-media":"","overlay-type":"","overlay-color":"","overlay-opacity":"","overlay-gradient":""},"tablet":{"background-color":"var(--ast-global-color-5)","background-image":"","background-repeat":"repeat","background-position":"center center","background-size":"auto","background-attachment":"scroll","background-type":"","background-media":"","overlay-type":"","overlay-color":"","overlay-opacity":"","overlay-gradient":""},"mobile":{"background-color":"var(--ast-global-color-5)","background-image":"","background-repeat":"repeat","background-position":"center center","background-size":"auto","background-attachment":"scroll","background-type":"","background-media":"","overlay-type":"","overlay-color":"","overlay-opacity":"","overlay-gradient":""}},"_jet_sm_ready_style":"","_jet_sm_style":"","_jet_sm_controls_values":"","_jet_sm_fonts_collection":"","_jet_sm_fonts_links":"","footnotes":""},"class_list":["post-890","page","type-page","status-publish","hentry"],"publishpress_future_workflow_manual_trigger":{"enabledWorkflows":[]},"_links":{"self":[{"href":"https:\/\/centreroyhart.org\/fr\/wp-json\/wp\/v2\/pages\/890","targetHints":{"allow":["GET"]}}],"collection":[{"href":"https:\/\/centreroyhart.org\/fr\/wp-json\/wp\/v2\/pages"}],"about":[{"href":"https:\/\/centreroyhart.org\/fr\/wp-json\/wp\/v2\/types\/page"}],"author":[{"embeddable":true,"href":"https:\/\/centreroyhart.org\/fr\/wp-json\/wp\/v2\/users\/4"}],"replies":[{"embeddable":true,"href":"https:\/\/centreroyhart.org\/fr\/wp-json\/wp\/v2\/comments?post=890"}],"version-history":[{"count":5,"href":"https:\/\/centreroyhart.org\/fr\/wp-json\/wp\/v2\/pages\/890\/revisions"}],"predecessor-version":[{"id":26709,"href":"https:\/\/centreroyhart.org\/fr\/wp-json\/wp\/v2\/pages\/890\/revisions\/26709"}],"wp:attachment":[{"href":"https:\/\/centreroyhart.org\/fr\/wp-json\/wp\/v2\/media?parent=890"}],"curies":[{"name":"wp","href":"https:\/\/api.w.org\/{rel}","templated":true}]}}