{"id":896,"date":"2024-09-23T19:07:19","date_gmt":"2024-09-23T19:07:19","guid":{"rendered":"https:\/\/centreroyhart.org\/?page_id=896"},"modified":"2026-04-12T19:25:15","modified_gmt":"2026-04-12T19:25:15","slug":"mentions-legales","status":"publish","type":"page","link":"https:\/\/centreroyhart.org\/fr\/mentions-legales\/","title":{"rendered":"Mentions l\u00e9gales"},"content":{"rendered":"\t\t<div data-elementor-type=\"wp-page\" data-elementor-id=\"896\" class=\"elementor elementor-896 elementor-569\" data-elementor-post-type=\"page\">\n\t\t\t\t<div class=\"elementor-element elementor-element-2d9ca84 e-flex e-con-boxed e-con e-parent\" data-id=\"2d9ca84\" data-element_type=\"container\" data-e-type=\"container\" data-settings=\"{&quot;background_background&quot;:&quot;classic&quot;,&quot;jet_parallax_layout_list&quot;:[]}\">\n\t\t\t\t\t<div class=\"e-con-inner\">\n\t\t\t\t<div class=\"elementor-element elementor-element-83dfd82 elementor-widget-mobile_extra__width-initial elementor-widget elementor-widget-heading\" data-id=\"83dfd82\" data-element_type=\"widget\" data-e-type=\"widget\" data-widget_type=\"heading.default\">\n\t\t\t\t\t<h1 class=\"elementor-heading-title elementor-size-default\">Mentions legales<\/h1>\t\t\t\t<\/div>\n\t\t\t\t\t<\/div>\n\t\t\t\t<\/div>\n\t\t<div class=\"elementor-element elementor-element-f789a17 e-flex e-con-boxed e-con e-parent\" data-id=\"f789a17\" data-element_type=\"container\" data-e-type=\"container\" data-settings=\"{&quot;jet_parallax_layout_list&quot;:[]}\">\n\t\t\t\t\t<div class=\"e-con-inner\">\n\t\t<div class=\"elementor-element elementor-element-be08585 e-con-full e-flex e-con e-child\" data-id=\"be08585\" data-element_type=\"container\" data-e-type=\"container\" data-settings=\"{&quot;background_background&quot;:&quot;classic&quot;,&quot;jet_parallax_layout_list&quot;:[]}\">\n\t\t<div class=\"elementor-element elementor-element-377738c e-con-full e-flex e-con e-child\" data-id=\"377738c\" data-element_type=\"container\" data-e-type=\"container\" data-settings=\"{&quot;jet_parallax_layout_list&quot;:[]}\">\n\t\t\t\t<div class=\"elementor-element elementor-element-2540388 elementor-widget elementor-widget-heading\" data-id=\"2540388\" data-element_type=\"widget\" data-e-type=\"widget\" data-widget_type=\"heading.default\">\n\t\t\t\t\t<h2 class=\"elementor-heading-title elementor-size-default\">Site \u00e9dit\u00e9 par :<\/h2>\t\t\t\t<\/div>\n\t\t\t\t<div class=\"elementor-element elementor-element-da56a39 elementor-widget elementor-widget-text-editor\" data-id=\"da56a39\" data-element_type=\"widget\" data-e-type=\"widget\" data-widget_type=\"text-editor.default\">\n\t\t\t\t\t\t\t\t\t<p>Association loi 1901<br \/>Centre de Voix Roy Hart<br \/>30140 Thoiras-Corb\u00e8s<br \/>FRANCE<br \/>+33 466 85 45 98<br \/>Mail : <a href=\"mailto:contact@centreroyhart.org\">contact@centreroyhart.org<\/a><\/p><p>N\u00b0 Siret: 30558749500014<br \/>N\u00b0 APE: 8552 Z<br \/>N\u00b0 de formateur: 91 30 02574 30<\/p>\t\t\t\t\t\t\t\t<\/div>\n\t\t\t\t<\/div>\n\t\t<div class=\"elementor-element elementor-element-d639305 e-con-full e-flex e-con e-child\" data-id=\"d639305\" data-element_type=\"container\" data-e-type=\"container\" data-settings=\"{&quot;jet_parallax_layout_list&quot;:[]}\">\n\t\t\t\t<div class=\"elementor-element elementor-element-eabfbdc elementor-widget elementor-widget-heading\" data-id=\"eabfbdc\" data-element_type=\"widget\" data-e-type=\"widget\" data-widget_type=\"heading.default\">\n\t\t\t\t\t<h2 class=\"elementor-heading-title elementor-size-default\">Responsable publications :<\/h2>\t\t\t\t<\/div>\n\t\t\t\t<div class=\"elementor-element elementor-element-a977212 elementor-widget elementor-widget-text-editor\" data-id=\"a977212\" data-element_type=\"widget\" data-e-type=\"widget\" data-widget_type=\"text-editor.default\">\n\t\t\t\t\t\t\t\t\t<p>Centre de Voix Roy Hart<\/p>\t\t\t\t\t\t\t\t<\/div>\n\t\t\t\t<\/div>\n\t\t<div class=\"elementor-element elementor-element-ad1ac9d e-con-full e-flex e-con e-child\" data-id=\"ad1ac9d\" data-element_type=\"container\" data-e-type=\"container\" data-settings=\"{&quot;jet_parallax_layout_list&quot;:[]}\">\n\t\t\t\t<div class=\"elementor-element elementor-element-8ecbcf1 elementor-widget elementor-widget-heading\" data-id=\"8ecbcf1\" data-element_type=\"widget\" data-e-type=\"widget\" data-widget_type=\"heading.default\">\n\t\t\t\t\t<h2 class=\"elementor-heading-title elementor-size-default\">H\u00e9bergeur :\n<\/h2>\t\t\t\t<\/div>\n\t\t\t\t<div class=\"elementor-element elementor-element-acf97f1 elementor-widget elementor-widget-text-editor\" data-id=\"acf97f1\" data-element_type=\"widget\" data-e-type=\"widget\" data-widget_type=\"text-editor.default\">\n\t\t\t\t\t\t\t\t\t<p>Hostinger International Ltd.<br \/>61 Lordou Vironos Street<br \/>Larnaca 6023<br \/>Cyprus<br \/>Web : <a href=\"https:\/\/www.hostinger.com\" target=\"_blank\" rel=\"noopener\">https:\/\/www.hostinger.com<\/a><br \/>Mail : <a href=\"mailto:fr@hostinger.com\">fr@hostinger.com<\/a><\/p>\t\t\t\t\t\t\t\t<\/div>\n\t\t\t\t<\/div>\n\t\t<div class=\"elementor-element elementor-element-90b90d6 e-con-full e-flex e-con e-child\" data-id=\"90b90d6\" data-element_type=\"container\" data-e-type=\"container\" data-settings=\"{&quot;jet_parallax_layout_list&quot;:[]}\">\n\t\t\t\t<div class=\"elementor-element elementor-element-1eb2564 elementor-widget elementor-widget-heading\" data-id=\"1eb2564\" data-element_type=\"widget\" data-e-type=\"widget\" data-widget_type=\"heading.default\">\n\t\t\t\t\t<h2 class=\"elementor-heading-title elementor-size-default\">Copyright:<\/h2>\t\t\t\t<\/div>\n\t\t\t\t<div class=\"elementor-element elementor-element-9267c83 elementor-widget elementor-widget-text-editor\" data-id=\"9267c83\" data-element_type=\"widget\" data-e-type=\"widget\" data-widget_type=\"text-editor.default\">\n\t\t\t\t\t\t\t\t\t<p>Tous les \u00e9l\u00e9ments du site roy-hart-theatre.com (notam\u00adment gra\u00adphis\u00admes, photos, logos, textes, sons, ani\u00adma\u00adtions\u2026) sont prot\u00e9g\u00e9s par la l\u00e9gis\u00adla\u00adtion sur le droit d\u2019auteur et la propri\u00e9t\u00e9 intel\u00adlec\u00adtuelle. La repro\u00adduc\u00adtion et la repr\u00e9sen\u00adta\u00adtion de tout ou partie des \u00e9l\u00e9ments com\u00adpo\u00adsant le site n\u2019est per\u00admise qu\u2019avec l\u2019accord pr\u00e9alable du Centre de Voix Roy Hart.<\/p><p>La loi du 11 Mars 1957, n\u2019auto\u00adri\u00adsant, au terme des alin\u00e9as 2 et 3 de l\u2019arti\u00adcle 4, d\u2019une part, que \u00bb les copies ou repro\u00adduc\u00adtions stric\u00adte\u00adment r\u00e9serv\u00e9es \u00e0 l\u2019usage priv\u00e9 du copiste et non destin\u00e9es \u00e0 une uti\u00adli\u00adsa\u00adtion col\u00adlec\u00adtive \u00bb et, d\u2019autre part, que les ana\u00adly\u00adses et les cour\u00adtes cita\u00adtions dans un but d\u2019exem\u00adple et d\u2019illus\u00adtra\u00adtion, \u00bb toute repr\u00e9sen\u00adta\u00adtion ou repro\u00adduc\u00adtion, int\u00e9grale ou par\u00adtielle, faite sans le consen\u00adte\u00adment de l\u2019auteur ou de ses ayants droit ou ayants cause, est illi\u00adcite \u00bb (alin\u00e9a pre\u00admier de l\u2019arti\u00adcle 40). Cette repr\u00e9sen\u00adta\u00adtion ou repro\u00adduc\u00adtion, cons\u00adti\u00adtue\u00adrait donc une contrefa\u00e7on sanc\u00adtionn\u00e9e par les arti\u00adcles 425 et sui\u00advants du Code P\u00e9nal.<\/p>\t\t\t\t\t\t\t\t<\/div>\n\t\t\t\t<\/div>\n\t\t<div class=\"elementor-element elementor-element-6fa343c e-con-full e-flex e-con e-child\" data-id=\"6fa343c\" data-element_type=\"container\" data-e-type=\"container\" data-settings=\"{&quot;jet_parallax_layout_list&quot;:[]}\">\n\t\t\t\t<div class=\"elementor-element elementor-element-4176537 elementor-widget elementor-widget-heading\" data-id=\"4176537\" data-element_type=\"widget\" data-e-type=\"widget\" data-widget_type=\"heading.default\">\n\t\t\t\t\t<h2 class=\"elementor-heading-title elementor-size-default\">Acc\u00e8s aux donn\u00e9es per\u00adson\u00adnel\u00adles :\n<\/h2>\t\t\t\t<\/div>\n\t\t\t\t<div class=\"elementor-element elementor-element-949a817 elementor-widget elementor-widget-text-editor\" data-id=\"949a817\" data-element_type=\"widget\" data-e-type=\"widget\" data-widget_type=\"text-editor.default\">\n\t\t\t\t\t\t\t\t\t<p>Conform\u00e9ment \u00e0 la l\u00e9gis\u00adla\u00adtion en vigueur, vous dis\u00adpo\u00adsez d\u2019un droit d\u2019acc\u00e8s, de modi\u00adfi\u00adca\u00adtion, de rec\u00adti\u00adfi\u00adca\u00adtion et de sup\u00adpres\u00adsion des donn\u00e9es qui vous concer\u00adnent (arti\u00adcle 34 de la loi \u00ab Informatique et Libert\u00e9 \u00bb). Pour l\u2019exer\u00adcer adres\u00adsez vous \u00e0 :<br \/>Centre de Voix Roy Hart<br \/>T\u00e9l\u00e9phone : +33 466 85 45 98<br \/>Mail : <a href=\"mailto:contact@centreroyhart.org\">contact@centreroyhart.org<\/a><\/p><p>Les informations recueillies lors de votre passage sur le site sont exclusivement destin\u00e9es \u00e0 un usage interne et ne seront en aucun cas communiqu\u00e9es \u00e0 des tiers \u00e0 des fins commerciales.<\/p>\t\t\t\t\t\t\t\t<\/div>\n\t\t\t\t<\/div>\n\t\t\t\t<\/div>\n\t\t\t\t\t<\/div>\n\t\t\t\t<\/div>\n\t\t\t\t<\/div>\n\t\t","protected":false},"excerpt":{"rendered":"<p>Mentions legales Site \u00e9dit\u00e9 par : Association loi 1901Centre de Voix Roy Hart30140 Thoiras-Corb\u00e8sFRANCE+33 466 85 45 98Mail : contact@centreroyhart.org [&hellip;]<\/p>\n","protected":false},"author":4,"featured_media":0,"parent":0,"menu_order":12,"comment_status":"closed","ping_status":"closed","template":"","meta":{"site-sidebar-layout":"no-sidebar","site-content-layout":"","ast-site-content-layout":"full-width-container","site-content-style":"default","site-sidebar-style":"default","ast-global-header-display":"","ast-banner-title-visibility":"","ast-main-header-display":"","ast-hfb-above-header-display":"","ast-hfb-below-header-display":"","ast-hfb-mobile-header-display":"","site-post-title":"disabled","ast-breadcrumbs-content":"","ast-featured-img":"disabled","footer-sml-layout":"","ast-disable-related-posts":"","theme-transparent-header-meta":"","adv-header-id-meta":"","stick-header-meta":"","header-above-stick-meta":"","header-main-stick-meta":"","header-below-stick-meta":"","astra-migrate-meta-layouts":"default","ast-page-background-enabled":"default","ast-page-background-meta":{"desktop":{"background-color":"var(--ast-global-color-4)","background-image":"","background-repeat":"repeat","background-position":"center center","background-size":"auto","background-attachment":"scroll","background-type":"","background-media":"","overlay-type":"","overlay-color":"","overlay-opacity":"","overlay-gradient":""},"tablet":{"background-color":"","background-image":"","background-repeat":"repeat","background-position":"center center","background-size":"auto","background-attachment":"scroll","background-type":"","background-media":"","overlay-type":"","overlay-color":"","overlay-opacity":"","overlay-gradient":""},"mobile":{"background-color":"","background-image":"","background-repeat":"repeat","background-position":"center center","background-size":"auto","background-attachment":"scroll","background-type":"","background-media":"","overlay-type":"","overlay-color":"","overlay-opacity":"","overlay-gradient":""}},"ast-content-background-meta":{"desktop":{"background-color":"var(--ast-global-color-5)","background-image":"","background-repeat":"repeat","background-position":"center center","background-size":"auto","background-attachment":"scroll","background-type":"","background-media":"","overlay-type":"","overlay-color":"","overlay-opacity":"","overlay-gradient":""},"tablet":{"background-color":"var(--ast-global-color-5)","background-image":"","background-repeat":"repeat","background-position":"center center","background-size":"auto","background-attachment":"scroll","background-type":"","background-media":"","overlay-type":"","overlay-color":"","overlay-opacity":"","overlay-gradient":""},"mobile":{"background-color":"var(--ast-global-color-5)","background-image":"","background-repeat":"repeat","background-position":"center center","background-size":"auto","background-attachment":"scroll","background-type":"","background-media":"","overlay-type":"","overlay-color":"","overlay-opacity":"","overlay-gradient":""}},"_jet_sm_ready_style":"","_jet_sm_style":"","_jet_sm_controls_values":"","_jet_sm_fonts_collection":"","_jet_sm_fonts_links":"","footnotes":""},"class_list":["post-896","page","type-page","status-publish","hentry"],"publishpress_future_workflow_manual_trigger":{"enabledWorkflows":[]},"_links":{"self":[{"href":"https:\/\/centreroyhart.org\/fr\/wp-json\/wp\/v2\/pages\/896","targetHints":{"allow":["GET"]}}],"collection":[{"href":"https:\/\/centreroyhart.org\/fr\/wp-json\/wp\/v2\/pages"}],"about":[{"href":"https:\/\/centreroyhart.org\/fr\/wp-json\/wp\/v2\/types\/page"}],"author":[{"embeddable":true,"href":"https:\/\/centreroyhart.org\/fr\/wp-json\/wp\/v2\/users\/4"}],"replies":[{"embeddable":true,"href":"https:\/\/centreroyhart.org\/fr\/wp-json\/wp\/v2\/comments?post=896"}],"version-history":[{"count":5,"href":"https:\/\/centreroyhart.org\/fr\/wp-json\/wp\/v2\/pages\/896\/revisions"}],"predecessor-version":[{"id":41568,"href":"https:\/\/centreroyhart.org\/fr\/wp-json\/wp\/v2\/pages\/896\/revisions\/41568"}],"wp:attachment":[{"href":"https:\/\/centreroyhart.org\/fr\/wp-json\/wp\/v2\/media?parent=896"}],"curies":[{"name":"wp","href":"https:\/\/api.w.org\/{rel}","templated":true}]}}