{"id":917,"date":"2024-09-23T19:12:43","date_gmt":"2024-09-23T19:12:43","guid":{"rendered":"https:\/\/centreroyhart.org\/?page_id=917"},"modified":"2026-04-14T16:31:47","modified_gmt":"2026-04-14T16:31:47","slug":"conditions-generales-de-vente","status":"publish","type":"page","link":"https:\/\/centreroyhart.org\/fr\/conditions-generales-de-vente\/","title":{"rendered":"Conditions G\u00e9n\u00e9rales de Vente"},"content":{"rendered":"\t\t<div data-elementor-type=\"wp-page\" data-elementor-id=\"917\" class=\"elementor elementor-917 elementor-574\" data-elementor-post-type=\"page\">\n\t\t\t\t<div class=\"elementor-element elementor-element-09b9159 e-flex e-con-boxed e-con e-parent\" data-id=\"09b9159\" data-element_type=\"container\" data-e-type=\"container\" data-settings=\"{&quot;background_background&quot;:&quot;classic&quot;,&quot;jet_parallax_layout_list&quot;:[]}\">\n\t\t\t\t\t<div class=\"e-con-inner\">\n\t\t\t\t<div class=\"elementor-element elementor-element-699925e elementor-widget-mobile_extra__width-initial elementor-widget elementor-widget-heading\" data-id=\"699925e\" data-element_type=\"widget\" data-e-type=\"widget\" data-widget_type=\"heading.default\">\n\t\t\t\t\t<h1 class=\"elementor-heading-title elementor-size-default\">cgv<\/h1>\t\t\t\t<\/div>\n\t\t\t\t<div class=\"elementor-element elementor-element-bb463e5 elementor-widget elementor-widget-text-editor\" data-id=\"bb463e5\" data-element_type=\"widget\" data-e-type=\"widget\" data-widget_type=\"text-editor.default\">\n\t\t\t\t\t\t\t\t\t<p>Conditions G\u00e9n\u00e9rales de Vente<\/p>\t\t\t\t\t\t\t\t<\/div>\n\t\t\t\t\t<\/div>\n\t\t\t\t<\/div>\n\t\t<div class=\"elementor-element elementor-element-d9bedde e-flex e-con-boxed e-con e-parent\" data-id=\"d9bedde\" data-element_type=\"container\" data-e-type=\"container\" data-settings=\"{&quot;jet_parallax_layout_list&quot;:[],&quot;background_background&quot;:&quot;classic&quot;}\">\n\t\t\t\t\t<div class=\"e-con-inner\">\n\t\t<div class=\"elementor-element elementor-element-b1383b2 e-con-full e-flex e-con e-child\" data-id=\"b1383b2\" data-element_type=\"container\" data-e-type=\"container\" data-settings=\"{&quot;jet_parallax_layout_list&quot;:[]}\">\n\t\t\t\t<div class=\"elementor-element elementor-element-d319fc9 uael-heading-align-left uael-mobile-heading-align-center elementor-widget-mobile__width-inherit elementor-widget elementor-widget-uael-advanced-heading\" data-id=\"d319fc9\" data-element_type=\"widget\" data-e-type=\"widget\" data-widget_type=\"uael-advanced-heading.default\">\n\t\t\t\t<div class=\"elementor-widget-container\">\n\t\t\t\t\t\n\t\t<div class=\"uael-module-content uael-heading-wrapper\">\n\t\t\t\t\t\t<div class=\"uael-module-content uael-separator-parent\">\n\t\t\t\t\t\t\t\t\t\t\t\t\t<div class=\"uael-separator\"><\/div>\n\t\t\t\t\t\t\t<\/div>\n\t\t\t\t\t\t\n\t\t\t<h2 class=\"uael-heading\">\n\t\t\t\t\t\t\t\t\t\t<span class=\"uael-heading-text elementor-inline-editing uael-size--default\" data-elementor-setting-key=\"heading_title\" data-elementor-inline-editing-toolbar=\"basic\">Inscription aux stages<\/span>\n\t\t\t\t\t\t\t<\/h2>\n\n\t\t\t\n\t\t\t\n\t\t\t\n\t\t\t\t\t\t<\/div>\n\t\t\t\t\t\t<\/div>\n\t\t\t\t<\/div>\n\t\t<div class=\"elementor-element elementor-element-04d3163 e-con-full e-flex e-con e-child\" data-id=\"04d3163\" data-element_type=\"container\" data-e-type=\"container\" data-settings=\"{&quot;jet_parallax_layout_list&quot;:[]}\">\n\t\t\t\t<div class=\"elementor-element elementor-element-d6f0086 elementor-widget elementor-widget-text-editor\" data-id=\"d6f0086\" data-element_type=\"widget\" data-e-type=\"widget\" data-widget_type=\"text-editor.default\">\n\t\t\t\t\t\t\t\t\t<ul><li dir=\"auto\"><p data-pm-slice=\"1 1 []\"><strong>L\u2019inscription \u00e0 un stage n\u2019est confirm\u00e9e qu\u2019apr\u00e8s r\u00e9ception d\u2019un acompte\u00a0<\/strong>de 120 euros pour les stages de courte dur\u00e9e (semaine et week-end), de 300 \u20ac pour les stages plus longs (4 semaines et groupes d&#8217;ann\u00e9e), et de 700 \u20ac pour certains stages de plusieurs modules.\u00a0Vous pouvez payer par carte de cr\u00e9dit ou virement bancaire.<\/p><\/li><li dir=\"auto\"><p data-pm-slice=\"1 1 []\"><strong>Si vous payez par virement bancaire,<\/strong> veuillez verser votre acompte dans les 4 jours, sinon l\u2019inscription sera automatiquement annul\u00e9e.<\/p><\/li><li dir=\"auto\"><p data-pm-slice=\"1 1 []\"><strong>Si vous n\u2019\u00eates pas en mesure d\u2019effectuer un paiement en ligne,<\/strong> veuillez\u00a0\u00a0<a href=\"https:\/\/centreroyhart.org\/fr\/contact\/\" target=\"_blank\" rel=\"noopener\">nous \u00e9crire ici<\/a>\u00a0ou appeler le +33\u00a0466 85 45 98. Notre bureau est ouvert de 10 h \u00e0 17 h, du lundi au jeudi.<\/p><\/li><li dir=\"auto\"><p data-pm-slice=\"1 1 []\"><strong>Le solde doit \u00eatre pay\u00e9 avant le d\u00e9but du stage.\u00a0<\/strong>Vous recevrez les instructions de paiement dans le mail de confirmation.\u00a0 En cas de non paiement avant le stage, vous devrez payer \u00e0 votre arriv\u00e9e \u00e0 Mal\u00e9rargues par CB, ch\u00e8que ou esp\u00e8ces.<\/p><\/li><li dir=\"auto\"><p data-pm-slice=\"1 1 []\"><strong>En\u00a0cas de faible participation, le centre se r\u00e9serve le droit d\u2019annuler un stage<\/strong>, dans ce cas l\u2019acompte pourra \u00eatre transf\u00e9r\u00e9 sur un autre stage ou rembours\u00e9 int\u00e9gralement.<\/p><\/li><li dir=\"auto\"><p data-pm-slice=\"1 1 []\"><strong>Vous pouvez annuler votre inscription \u00e0 un stage\u00a0dans la limite d\u2019un mois avant la date de d\u00e9but du stage.<\/strong> Merci de noter qu\u2019il n\u2019y aura pas de remboursement du d\u00e9p\u00f4t de garantie apr\u00e8s cette date. Avant cette date, le d\u00e9p\u00f4t sera rembours\u00e9 moins 30 euros pour frais administratifs.<\/p><\/li><li dir=\"auto\"><p data-pm-slice=\"1 1 []\"><strong>Les frais d\u2019inscription \u00e0 un stage n\u2019incluent pas les repas.<\/strong> Deux cuisines communes sont \u00e0 la disposition des participants aux stages. Elles sont r\u00e9serv\u00e9es en priorit\u00e9 aux stagiaires h\u00e9berg\u00e9s dans les g\u00eetes. Un frigo est \u00e0 la disposition des stagiaires pr\u00e9sents \u00e0 la journ\u00e9e.<\/p><\/li><\/ul>\t\t\t\t\t\t\t\t<\/div>\n\t\t\t\t<\/div>\n\t\t\t\t<\/div>\n\t\t\t\t\t<\/div>\n\t\t\t\t<\/div>\n\t\t<div class=\"elementor-element elementor-element-50a1199 e-flex e-con-boxed e-con e-parent\" data-id=\"50a1199\" data-element_type=\"container\" data-e-type=\"container\" data-settings=\"{&quot;jet_parallax_layout_list&quot;:[],&quot;background_background&quot;:&quot;classic&quot;}\">\n\t\t\t\t\t<div class=\"e-con-inner\">\n\t\t<div class=\"elementor-element elementor-element-55f22aa e-con-full e-flex e-con e-child\" data-id=\"55f22aa\" data-element_type=\"container\" data-e-type=\"container\" data-settings=\"{&quot;jet_parallax_layout_list&quot;:[]}\">\n\t\t\t\t<div class=\"elementor-element elementor-element-46703b7 uael-heading-align-left uael-mobile-heading-align-center elementor-widget-mobile__width-inherit elementor-widget elementor-widget-uael-advanced-heading\" data-id=\"46703b7\" data-element_type=\"widget\" data-e-type=\"widget\" data-widget_type=\"uael-advanced-heading.default\">\n\t\t\t\t<div class=\"elementor-widget-container\">\n\t\t\t\t\t\n\t\t<div class=\"uael-module-content uael-heading-wrapper\">\n\t\t\t\t\t\t<div class=\"uael-module-content uael-separator-parent\">\n\t\t\t\t\t\t\t\t\t\t\t\t\t<div class=\"uael-separator\"><\/div>\n\t\t\t\t\t\t\t<\/div>\n\t\t\t\t\t\t\n\t\t\t<h2 class=\"uael-heading\">\n\t\t\t\t\t\t\t\t\t\t<span class=\"uael-heading-text elementor-inline-editing uael-size--default\" data-elementor-setting-key=\"heading_title\" data-elementor-inline-editing-toolbar=\"basic\">Cotisation annuelle<\/span>\n\t\t\t\t\t\t\t<\/h2>\n\n\t\t\t\n\t\t\t\n\t\t\t\n\t\t\t\t\t\t<\/div>\n\t\t\t\t\t\t<\/div>\n\t\t\t\t<\/div>\n\t\t<div class=\"elementor-element elementor-element-3fd2111 e-con-full e-flex e-con e-child\" data-id=\"3fd2111\" data-element_type=\"container\" data-e-type=\"container\" data-settings=\"{&quot;jet_parallax_layout_list&quot;:[]}\">\n\t\t\t\t<div class=\"elementor-element elementor-element-722fe31 elementor-widget elementor-widget-text-editor\" data-id=\"722fe31\" data-element_type=\"widget\" data-e-type=\"widget\" data-widget_type=\"text-editor.default\">\n\t\t\t\t\t\t\t\t\t<p>Le Centre de Voix Roy Hart est une association de droit fran\u00e7ais et tous les participants aux stages doivent donc en \u00eatre membres. <strong>La cotisation annuelle est de 30 \u20ac<\/strong> par ann\u00e9e civile. L\u2019adh\u00e9sion vous est propos\u00e9e lors du processus d\u2019inscription \u00e0 un stage.<\/p>\t\t\t\t\t\t\t\t<\/div>\n\t\t\t\t<\/div>\n\t\t\t\t<\/div>\n\t\t\t\t\t<\/div>\n\t\t\t\t<\/div>\n\t\t\t\t<\/div>\n\t\t","protected":false},"excerpt":{"rendered":"<p>cgv Conditions G\u00e9n\u00e9rales de Vente Inscription aux stages L\u2019inscription \u00e0 un stage n\u2019est confirm\u00e9e qu\u2019apr\u00e8s r\u00e9ception d\u2019un acompte\u00a0de 120 euros [&hellip;]<\/p>\n","protected":false},"author":4,"featured_media":0,"parent":0,"menu_order":15,"comment_status":"closed","ping_status":"closed","template":"","meta":{"site-sidebar-layout":"no-sidebar","site-content-layout":"","ast-site-content-layout":"full-width-container","site-content-style":"default","site-sidebar-style":"default","ast-global-header-display":"","ast-banner-title-visibility":"","ast-main-header-display":"","ast-hfb-above-header-display":"","ast-hfb-below-header-display":"","ast-hfb-mobile-header-display":"","site-post-title":"disabled","ast-breadcrumbs-content":"","ast-featured-img":"disabled","footer-sml-layout":"","ast-disable-related-posts":"","theme-transparent-header-meta":"","adv-header-id-meta":"","stick-header-meta":"","header-above-stick-meta":"","header-main-stick-meta":"","header-below-stick-meta":"","astra-migrate-meta-layouts":"default","ast-page-background-enabled":"default","ast-page-background-meta":{"desktop":{"background-color":"var(--ast-global-color-4)","background-image":"","background-repeat":"repeat","background-position":"center center","background-size":"auto","background-attachment":"scroll","background-type":"","background-media":"","overlay-type":"","overlay-color":"","overlay-opacity":"","overlay-gradient":""},"tablet":{"background-color":"","background-image":"","background-repeat":"repeat","background-position":"center center","background-size":"auto","background-attachment":"scroll","background-type":"","background-media":"","overlay-type":"","overlay-color":"","overlay-opacity":"","overlay-gradient":""},"mobile":{"background-color":"","background-image":"","background-repeat":"repeat","background-position":"center center","background-size":"auto","background-attachment":"scroll","background-type":"","background-media":"","overlay-type":"","overlay-color":"","overlay-opacity":"","overlay-gradient":""}},"ast-content-background-meta":{"desktop":{"background-color":"var(--ast-global-color-5)","background-image":"","background-repeat":"repeat","background-position":"center center","background-size":"auto","background-attachment":"scroll","background-type":"","background-media":"","overlay-type":"","overlay-color":"","overlay-opacity":"","overlay-gradient":""},"tablet":{"background-color":"var(--ast-global-color-5)","background-image":"","background-repeat":"repeat","background-position":"center center","background-size":"auto","background-attachment":"scroll","background-type":"","background-media":"","overlay-type":"","overlay-color":"","overlay-opacity":"","overlay-gradient":""},"mobile":{"background-color":"var(--ast-global-color-5)","background-image":"","background-repeat":"repeat","background-position":"center center","background-size":"auto","background-attachment":"scroll","background-type":"","background-media":"","overlay-type":"","overlay-color":"","overlay-opacity":"","overlay-gradient":""}},"_jet_sm_ready_style":"","_jet_sm_style":"","_jet_sm_controls_values":"","_jet_sm_fonts_collection":"","_jet_sm_fonts_links":"","footnotes":""},"class_list":["post-917","page","type-page","status-publish","hentry"],"publishpress_future_workflow_manual_trigger":{"enabledWorkflows":[]},"_links":{"self":[{"href":"https:\/\/centreroyhart.org\/fr\/wp-json\/wp\/v2\/pages\/917","targetHints":{"allow":["GET"]}}],"collection":[{"href":"https:\/\/centreroyhart.org\/fr\/wp-json\/wp\/v2\/pages"}],"about":[{"href":"https:\/\/centreroyhart.org\/fr\/wp-json\/wp\/v2\/types\/page"}],"author":[{"embeddable":true,"href":"https:\/\/centreroyhart.org\/fr\/wp-json\/wp\/v2\/users\/4"}],"replies":[{"embeddable":true,"href":"https:\/\/centreroyhart.org\/fr\/wp-json\/wp\/v2\/comments?post=917"}],"version-history":[{"count":5,"href":"https:\/\/centreroyhart.org\/fr\/wp-json\/wp\/v2\/pages\/917\/revisions"}],"predecessor-version":[{"id":41843,"href":"https:\/\/centreroyhart.org\/fr\/wp-json\/wp\/v2\/pages\/917\/revisions\/41843"}],"wp:attachment":[{"href":"https:\/\/centreroyhart.org\/fr\/wp-json\/wp\/v2\/media?parent=917"}],"curies":[{"name":"wp","href":"https:\/\/api.w.org\/{rel}","templated":true}]}}